{"id":762,"date":"2020-07-25T10:06:47","date_gmt":"2020-07-25T08:06:47","guid":{"rendered":"http:\/\/atsv-erlangen-badminton.de\/atsv\/?page_id=762"},"modified":"2022-02-09T12:14:51","modified_gmt":"2022-02-09T11:14:51","slug":"hygienekonzept-atsv-erlangen-badminton","status":"publish","type":"page","link":"https:\/\/atsv-erlangen-badminton.de\/atsv\/hygienekonzept-atsv-erlangen-badminton\/","title":{"rendered":"Hygienekonzept ATSV Erlangen Badminton"},"content":{"rendered":"<div class=\"page\" title=\"Page 1\">\n<div class=\"layoutArea\">\n<div class=\"column\">\n<h4><span style=\"color: #ffff99;\">Allgemeines<\/span><\/h4>\n<p>1. Zwischen Teilnehmerinnen und Teilnehmern ist vor und in der Sporthalle generell ein Mindestabstand von 1,5 m Eine Nichteinhaltung des Mindestabstands von 1,5 m ist nur den Personen gestattet, die generell nicht den allgemeinen Kontaktbeschr\u00e4nkungen unterzuordnen sind (z.B. Ehepaare).<\/p>\n<p>2. Au\u00dferhalb des Trainings, insbesondere beim Betreten und Verlassen der Sporthalle, sowie bei der Nutzung von WC-Anlagen, besteht auf dem Sportgel\u00e4nde Maskenpflicht.<\/p>\n<p>3. Mitglieder werden darauf hingewiesen, ausreichend H\u00e4nde zu waschen und diese auch regelm\u00e4\u00dfig zu desinfizieren (insbesondere vor und nach dem Training). F\u00fcr ausreichende Waschgelegenheiten, Fl\u00fcssigseife und Desinfektionsmittel (Eingangsbereich) ist gesorgt.<\/p>\n<p>4. Mitglieder, die Krankheitssymptome aufweisen, wird das Betreten der Sporthalle und die Teilnahme am Training untersagt. Mitglieder, die einer Risikogruppe angeh\u00f6ren, setzen sich vor der Teilnahme bitte mit der Abteilungsleitung in Verbindung.<\/p>\n<p>5. Mitglieder, die sich in Quarant\u00e4ne befinden, sind vom Training ausgeschlossen.<\/p>\n<p>6. Bei Nicht-Beachtung der Regelungen erfolgt ein Trainingsverbot. Kontrollen durch das Sportamt und den Hauptverein sind jederzeit m\u00f6glich.<\/p>\n<h4><span style=\"color: #ffff99;\">Ma\u00dfnahmen vor und nach dem Training<\/span><\/h4>\n<p>7. Duschen und Umkleiden sind ge\u00f6ffnet.<\/p>\n<p>8. Alle Sportgera\u0308te mu\u0308ssen nach der Benutzung desinfiziert werden. (Desinfektionsmittel steht in den Gera\u0308tera\u0308umen bereit)<\/p>\n<p>9. Gera\u0308tera\u0308ume werden nur einzeln und zur Gera\u0308teentnahme und -ru\u0308ckgabe betreten. Sollte mehr als eine Person bei Gera\u0308ten (z. B. gro\u00dfen Matten) notwendig sein, gilt Maskenpflicht.<\/p>\n<\/div>\n<\/div>\n<\/div>\n<div class=\"page\" title=\"Page 2\">\n<div class=\"layoutArea\">\n<div class=\"column\">\n<p>10. Nach Abschluss der Trainingseinheit verlassen alle Mitglieder unverzu\u0308glich das Gela\u0308nde, um auch den Kontakt zur na\u0308chsten Gruppe zu vermeiden.<\/p>\n<p>11. Zwischen den Trainingseinheiten wird mind. 15 Minuten vollumfa\u0308nglich gelu\u0308ftet, um einen vollsta\u0308ndigen Luftaustausch gewa\u0308hrleisten zu ko\u0308nnen.<\/p>\n<h4><span style=\"color: #ffff99;\">Ma\u00dfnahmen im Badmintontraining<\/span><\/h4>\n<p>12. Die Teilnehmerzahl und die Teilnehmerdaten werden dokumentiert. Bitte QR Codes\/ Listen am Eingang verwenden.<\/p>\n<p>13. K\u00f6rperkontakt jeglicher Art (z.B. kein Handshake, kein Abklatschen, keine Umarmung) ist zu vermeiden.<\/p>\n<\/div>\n<\/div>\n<\/div>\n<div class=\"page\" title=\"Page 3\">\n<div class=\"section\">\n<div class=\"layoutArea\">\n<div class=\"column\">\n<h4><span style=\"color: #ffff99;\">Skizze Werner-von-Siemens-Schulsporthalle<\/span><\/h4>\n<\/div>\n<\/div>\n<\/div>\n<\/div>\n","protected":false},"excerpt":{"rendered":"<p>Allgemeines 1. Zwischen Teilnehmerinnen und Teilnehmern ist vor und in der Sporthalle generell ein Mindestabstand von 1,5 m Eine Nichteinhaltung des Mindestabstands von 1,5 m ist nur den Personen gestattet, [&hellip;]<\/p>\n","protected":false},"author":2,"featured_media":0,"parent":0,"menu_order":0,"comment_status":"closed","ping_status":"closed","template":"","meta":{"footnotes":""},"class_list":["post-762","page","type-page","status-publish"],"post_mailing_queue_ids":[],"_links":{"self":[{"href":"https:\/\/atsv-erlangen-badminton.de\/atsv\/wp-json\/wp\/v2\/pages\/762","targetHints":{"allow":["GET"]}}],"collection":[{"href":"https:\/\/atsv-erlangen-badminton.de\/atsv\/wp-json\/wp\/v2\/pages"}],"about":[{"href":"https:\/\/atsv-erlangen-badminton.de\/atsv\/wp-json\/wp\/v2\/types\/page"}],"author":[{"embeddable":true,"href":"https:\/\/atsv-erlangen-badminton.de\/atsv\/wp-json\/wp\/v2\/users\/2"}],"replies":[{"embeddable":true,"href":"https:\/\/atsv-erlangen-badminton.de\/atsv\/wp-json\/wp\/v2\/comments?post=762"}],"version-history":[{"count":10,"href":"https:\/\/atsv-erlangen-badminton.de\/atsv\/wp-json\/wp\/v2\/pages\/762\/revisions"}],"predecessor-version":[{"id":922,"href":"https:\/\/atsv-erlangen-badminton.de\/atsv\/wp-json\/wp\/v2\/pages\/762\/revisions\/922"}],"wp:attachment":[{"href":"https:\/\/atsv-erlangen-badminton.de\/atsv\/wp-json\/wp\/v2\/media?parent=762"}],"curies":[{"name":"wp","href":"https:\/\/api.w.org\/{rel}","templated":true}]}}